{"id":9,"date":"2025-08-24T21:50:20","date_gmt":"2025-08-24T21:50:20","guid":{"rendered":"https:\/\/cupnony.cl\/?page_id=9"},"modified":"2025-08-25T05:37:53","modified_gmt":"2025-08-25T05:37:53","slug":"inicio","status":"publish","type":"page","link":"https:\/\/cupnony.cl\/","title":{"rendered":"Inicio"},"content":{"rendered":"\n<h3 class=\"wp-block-heading\">Cupnony: La Dulzura Ideal para Cada Ocasi\u00f3n<\/h3>\n\n\n\n<p class=\"has-text-align-left has-medium-font-size\">\u00a1Bienvenido a Cupnony! Desde enero de este a\u00f1o, hemos estado horneando las mini delicias m\u00e1s irresistibles para que disfrutes de un bocado de felicidad. Somos especialistas en pasteler\u00eda en peque\u00f1o formato, porque creemos que las mejores cosas, y <strong>la dulzura ideal<\/strong>, se encuentran en los detalles m\u00e1s peque\u00f1os.<\/p>\n\n\n\n<p class=\"has-text-align-left has-medium-font-size\">En Cupnony, cada mini cupcake, mini dona y postre es creado con pasi\u00f3n, utilizando los mejores ingredientes. Nuestro objetivo es endulzar tus celebraciones, reuniones o tu d\u00eda a d\u00eda con creaciones que no solo se ven espectaculares, sino que tambi\u00e9n son <strong>la dulzura ideal<\/strong> para tu paladar.<\/p>\n\n\n\n<div class=\"alignnormal\"><div id=\"metaslider-id-147\" style=\"width: 100%;\" class=\"ml-slider-3-101-0 metaslider metaslider-flex metaslider-147 ml-slider has-onhover-arrows has-carousel-mode ms-theme-default-base nav-hidden\" role=\"region\" aria-label=\"Imagenes men\u00fa inicio\" data-height=\"300\" data-width=\"400\">\n    <div id=\"metaslider_container_147\">\n        <div id=\"metaslider_147\">\n            <ul aria-live='off' class='slides'>\n                <li style=\"display: none; width: 100%;\" class=\"slide-148 ms-image \" aria-roledescription=\"slide\" data-date=\"2025-08-25 05:14:54\"><img loading=\"lazy\" decoding=\"async\" src=\"https:\/\/cupnony.cl\/wp-content\/uploads\/2025\/08\/vasos-1.png\" height=\"300\" width=\"400\" alt=\"\" class=\"slider-147 slide-148 msDefaultImage\" title=\"vasos-1\" \/><\/li>\n                <li style=\"display: none; width: 100%;\" class=\"slide-149 ms-image \" aria-roledescription=\"slide\" data-date=\"2025-08-25 05:14:54\"><img loading=\"lazy\" decoding=\"async\" src=\"https:\/\/cupnony.cl\/wp-content\/uploads\/2025\/08\/barquillo-3-1.png\" height=\"300\" width=\"400\" alt=\"\" class=\"slider-147 slide-149 msDefaultImage\" title=\"barquillo-3-1\" \/><\/li>\n                <li style=\"display: none; width: 100%;\" class=\"slide-150 ms-image \" aria-roledescription=\"slide\" data-date=\"2025-08-25 05:14:54\"><img loading=\"lazy\" decoding=\"async\" src=\"https:\/\/cupnony.cl\/wp-content\/uploads\/2025\/08\/tartaleta-1.png\" height=\"300\" width=\"400\" alt=\"\" class=\"slider-147 slide-150 msDefaultImage\" title=\"tartaleta-1\" \/><\/li>\n                <li style=\"display: none; width: 100%;\" class=\"slide-151 ms-image \" aria-roledescription=\"slide\" data-date=\"2025-08-25 05:14:54\"><img loading=\"lazy\" decoding=\"async\" src=\"https:\/\/cupnony.cl\/wp-content\/uploads\/2025\/08\/profiterol-2-2.png\" height=\"300\" width=\"400\" alt=\"\" class=\"slider-147 slide-151 msDefaultImage\" title=\"profiterol-2-2\" \/><\/li>\n                <li style=\"display: none; width: 100%;\" class=\"slide-152 ms-image \" aria-roledescription=\"slide\" data-date=\"2025-08-25 05:14:54\"><img loading=\"lazy\" decoding=\"async\" src=\"https:\/\/cupnony.cl\/wp-content\/uploads\/2025\/08\/donas-3-1.png\" height=\"300\" width=\"400\" alt=\"\" class=\"slider-147 slide-152 msDefaultImage\" title=\"donas-3-1\" \/><\/li>\n                <li style=\"display: none; width: 100%;\" class=\"slide-153 ms-image \" aria-roledescription=\"slide\" data-date=\"2025-08-25 05:14:54\"><img loading=\"lazy\" decoding=\"async\" src=\"https:\/\/cupnony.cl\/wp-content\/uploads\/2025\/08\/donas-1-1.png\" height=\"300\" width=\"400\" alt=\"\" class=\"slider-147 slide-153 msDefaultImage\" title=\"donas-1-1\" \/><\/li>\n                <li style=\"display: none; width: 100%;\" class=\"slide-154 ms-image \" aria-roledescription=\"slide\" data-date=\"2025-08-25 05:14:54\"><img loading=\"lazy\" decoding=\"async\" src=\"https:\/\/cupnony.cl\/wp-content\/uploads\/2025\/08\/cupcake-7-1.png\" height=\"300\" width=\"400\" alt=\"\" class=\"slider-147 slide-154 msDefaultImage\" title=\"cupcake-7-1\" \/><\/li>\n                <li style=\"display: none; width: 100%;\" class=\"slide-155 ms-image \" aria-roledescription=\"slide\" data-date=\"2025-08-25 05:14:54\"><img loading=\"lazy\" decoding=\"async\" src=\"https:\/\/cupnony.cl\/wp-content\/uploads\/2025\/08\/cupcake-4-1.png\" height=\"300\" width=\"400\" alt=\"\" class=\"slider-147 slide-155 msDefaultImage\" title=\"cupcake-4-1\" \/><\/li>\n                <li style=\"display: none; width: 100%;\" class=\"slide-156 ms-image \" aria-roledescription=\"slide\" data-date=\"2025-08-25 05:14:54\"><img loading=\"lazy\" decoding=\"async\" src=\"https:\/\/cupnony.cl\/wp-content\/uploads\/2025\/08\/cupcake-3-1.png\" height=\"300\" width=\"400\" alt=\"\" class=\"slider-147 slide-156 msDefaultImage\" title=\"cupcake-3-1\" \/><\/li>\n            <\/ul>\n        <\/div>\n        \n    <\/div>\n<\/div><\/div>\n","protected":false},"excerpt":{"rendered":"<p>Cupnony: La Dulzura Ideal para Cada Ocasi\u00f3n \u00a1Bienvenido a Cupnony! Desde enero de este a\u00f1o, hemos estado horneando las mini delicias m\u00e1s irresistibles para que disfrutes de un bocado de felicidad. Somos especialistas en pasteler\u00eda en peque\u00f1o formato, porque creemos que las mejores cosas, y la dulzura ideal, se encuentran en los detalles m\u00e1s peque\u00f1os. [&hellip;]<\/p>\n","protected":false},"author":1,"featured_media":0,"parent":0,"menu_order":0,"comment_status":"closed","ping_status":"closed","template":"","meta":{"footnotes":""},"class_list":["post-9","page","type-page","status-publish","hentry"],"_links":{"self":[{"href":"https:\/\/cupnony.cl\/index.php\/wp-json\/wp\/v2\/pages\/9","targetHints":{"allow":["GET"]}}],"collection":[{"href":"https:\/\/cupnony.cl\/index.php\/wp-json\/wp\/v2\/pages"}],"about":[{"href":"https:\/\/cupnony.cl\/index.php\/wp-json\/wp\/v2\/types\/page"}],"author":[{"embeddable":true,"href":"https:\/\/cupnony.cl\/index.php\/wp-json\/wp\/v2\/users\/1"}],"replies":[{"embeddable":true,"href":"https:\/\/cupnony.cl\/index.php\/wp-json\/wp\/v2\/comments?post=9"}],"version-history":[{"count":12,"href":"https:\/\/cupnony.cl\/index.php\/wp-json\/wp\/v2\/pages\/9\/revisions"}],"predecessor-version":[{"id":168,"href":"https:\/\/cupnony.cl\/index.php\/wp-json\/wp\/v2\/pages\/9\/revisions\/168"}],"wp:attachment":[{"href":"https:\/\/cupnony.cl\/index.php\/wp-json\/wp\/v2\/media?parent=9"}],"curies":[{"name":"wp","href":"https:\/\/api.w.org\/{rel}","templated":true}]}}